{"id":13677,"date":"2023-11-02T14:41:08","date_gmt":"2023-11-02T12:41:08","guid":{"rendered":"https:\/\/www.tuttofood.gr\/?post_type=product&#038;p=13677"},"modified":"2025-10-23T15:40:25","modified_gmt":"2025-10-23T12:40:25","slug":"moet-chandon-brut-imperial-750ml","status":"publish","type":"product","link":"https:\/\/www.tuttofood.gr\/en\/eshop\/moet-chandon-brut-imperial-750ml\/","title":{"rendered":"Mo\u00ebt &amp; Chandon Brut Imp\u00e9rial 750ml"},"content":{"rendered":"<p><span dir=\"auto\">Champagne Mo\u00ebt Imp\u00e9rial, generous and dynamic, is the heart and foundation of the Mo\u00ebt &amp; Chandon range.<\/span><br \/>\n<span dir=\"auto\">The result of the harmonious union of Chardonnay, Pinot Noir and Pinot Meunier, from over 200 different cooperatives and with the contribution of vins de r\u00e9serve, so that it maintains its character stable and recognizable over time.<\/span><br \/>\n<span dir=\"auto\">It is characterized by a delicate bouquet, fruity and floral, with particular notes of brioche thanks to its maturation on yeast for over 30 months. Smooth taste, full-bodied and with a long, fresh aftertaste.<\/span><br \/>\n<span dir=\"auto\">Serve between 8-10 \u00b0C. Alcohol content 12% vol<\/span><\/p>\n","protected":false},"excerpt":{"rendered":"<p>Champagne Mo\u00ebt Imp\u00e9rial, generous and dynamic, is the heart and foundation of the Mo\u00ebt &amp; Chandon range. The result of the harmonious union of Chardonnay, Pinot Noir and Pinot Meunier, from over 200 different cooperatives and with the contribution of vins de r\u00e9serve, so that it maintains its character stable and recognizable over time. It&hellip;<\/p>\n","protected":false},"featured_media":9950,"template":"","meta":{"wds_primary_product_brand":0,"wds_primary_product_cat":0},"product_cat":[75],"product_tag":[],"class_list":{"0":"post-13677","1":"product","2":"type-product","3":"status-publish","4":"has-post-thumbnail","6":"product_cat-wines-spirits-beers","8":"first","9":"instock","10":"taxable","11":"shipping-taxable","12":"purchasable","13":"product-type-simple","14":"col-xs-6 col-sm-4","15":"col-md-3 col-lg-3","16":"un-4-cols"},"_links":{"self":[{"href":"https:\/\/www.tuttofood.gr\/en\/wp-json\/wp\/v2\/product\/13677","targetHints":{"allow":["GET"]}}],"collection":[{"href":"https:\/\/www.tuttofood.gr\/en\/wp-json\/wp\/v2\/product"}],"about":[{"href":"https:\/\/www.tuttofood.gr\/en\/wp-json\/wp\/v2\/types\/product"}],"wp:featuredmedia":[{"embeddable":true,"href":"https:\/\/www.tuttofood.gr\/en\/wp-json\/wp\/v2\/media\/9950"}],"wp:attachment":[{"href":"https:\/\/www.tuttofood.gr\/en\/wp-json\/wp\/v2\/media?parent=13677"}],"wp:term":[{"taxonomy":"product_cat","embeddable":true,"href":"https:\/\/www.tuttofood.gr\/en\/wp-json\/wp\/v2\/product_cat?post=13677"},{"taxonomy":"product_tag","embeddable":true,"href":"https:\/\/www.tuttofood.gr\/en\/wp-json\/wp\/v2\/product_tag?post=13677"}],"curies":[{"name":"wp","href":"https:\/\/api.w.org\/{rel}","templated":true}]}}